{"id":101,"date":"2025-05-27T08:27:19","date_gmt":"2025-05-27T13:27:19","guid":{"rendered":"https:\/\/ivoryagencia.co\/tepsicoriento\/?page_id=101"},"modified":"2025-07-04T18:16:01","modified_gmt":"2025-07-04T23:16:01","slug":"blogs","status":"publish","type":"page","link":"https:\/\/mariaandreapsicologa.com\/index.php\/blogs\/","title":{"rendered":"Blogs"},"content":{"rendered":"\t\t<div data-elementor-type=\"wp-page\" data-elementor-id=\"101\" class=\"elementor elementor-101\" data-elementor-post-type=\"page\">\n\t\t\t\t<div class=\"elementor-element elementor-element-0a2e416 e-flex e-con-boxed e-con e-parent\" data-id=\"0a2e416\" data-element_type=\"container\">\n\t\t\t\t\t<div class=\"e-con-inner\">\n\t\t\t\t<div class=\"elementor-element elementor-element-19bdf58 elementor-widget elementor-widget-heading\" data-id=\"19bdf58\" data-element_type=\"widget\" data-widget_type=\"heading.default\">\n\t\t\t\t<div class=\"elementor-widget-container\">\n\t\t\t\t\t<h2 class=\"elementor-heading-title elementor-size-default\">Art\u00edculos<\/h2>\t\t\t\t<\/div>\n\t\t\t\t<\/div>\n\t\t\t\t<div class=\"elementor-element elementor-element-075e961 elementor-grid-2 elementor-grid-tablet-2 elementor-grid-mobile-1 elementor-posts--thumbnail-top elementor-card-shadow-yes elementor-posts__hover-gradient elementor-widget elementor-widget-posts\" data-id=\"075e961\" data-element_type=\"widget\" data-settings=\"{&quot;cards_columns&quot;:&quot;2&quot;,&quot;cards_columns_tablet&quot;:&quot;2&quot;,&quot;cards_columns_mobile&quot;:&quot;1&quot;,&quot;cards_row_gap&quot;:{&quot;unit&quot;:&quot;px&quot;,&quot;size&quot;:35,&quot;sizes&quot;:[]},&quot;cards_row_gap_tablet&quot;:{&quot;unit&quot;:&quot;px&quot;,&quot;size&quot;:&quot;&quot;,&quot;sizes&quot;:[]},&quot;cards_row_gap_mobile&quot;:{&quot;unit&quot;:&quot;px&quot;,&quot;size&quot;:&quot;&quot;,&quot;sizes&quot;:[]}}\" data-widget_type=\"posts.cards\">\n\t\t\t\t<div class=\"elementor-widget-container\">\n\t\t\t\t\t\t\t<div class=\"elementor-posts-container elementor-posts elementor-posts--skin-cards elementor-grid\">\n\t\t\t\t<article class=\"elementor-post elementor-grid-item post-222 post type-post status-publish format-standard has-post-thumbnail hentry category-fertilidad tag-fertilidad tag-salud-mental\">\n\t\t\t<div class=\"elementor-post__card\">\n\t\t\t\t<a class=\"elementor-post__thumbnail__link\" href=\"https:\/\/mariaandreapsicologa.com\/index.php\/2026\/04\/02\/sobre-la-fertilidad-sus-procesos-y-salud-mental\/\" tabindex=\"-1\" ><div class=\"elementor-post__thumbnail\"><img fetchpriority=\"high\" decoding=\"async\" width=\"768\" height=\"1153\" src=\"https:\/\/mariaandreapsicologa.com\/wp-content\/uploads\/2026\/04\/pexels-vikram-aditya-213772137-33048687-768x1153.jpg\" class=\"attachment-medium_large size-medium_large wp-image-227\" alt=\"\" srcset=\"https:\/\/mariaandreapsicologa.com\/wp-content\/uploads\/2026\/04\/pexels-vikram-aditya-213772137-33048687-768x1153.jpg 768w, https:\/\/mariaandreapsicologa.com\/wp-content\/uploads\/2026\/04\/pexels-vikram-aditya-213772137-33048687-200x300.jpg 200w, https:\/\/mariaandreapsicologa.com\/wp-content\/uploads\/2026\/04\/pexels-vikram-aditya-213772137-33048687-682x1024.jpg 682w, https:\/\/mariaandreapsicologa.com\/wp-content\/uploads\/2026\/04\/pexels-vikram-aditya-213772137-33048687-1023x1536.jpg 1023w, https:\/\/mariaandreapsicologa.com\/wp-content\/uploads\/2026\/04\/pexels-vikram-aditya-213772137-33048687-1364x2048.jpg 1364w, https:\/\/mariaandreapsicologa.com\/wp-content\/uploads\/2026\/04\/pexels-vikram-aditya-213772137-33048687-scaled.jpg 1705w\" sizes=\"(max-width: 768px) 100vw, 768px\" \/><\/div><\/a>\n\t\t\t\t<div class=\"elementor-post__text\">\n\t\t\t\t<h3 class=\"elementor-post__title\">\n\t\t\t<a href=\"https:\/\/mariaandreapsicologa.com\/index.php\/2026\/04\/02\/sobre-la-fertilidad-sus-procesos-y-salud-mental\/\" >\n\t\t\t\tSobre la fertilidad, sus procesos y salud mental\t\t\t<\/a>\n\t\t<\/h3>\n\t\t\t\t<div class=\"elementor-post__excerpt\">\n\t\t\t<p>Una parte de mi trabajo es dedicarme a acompa\u00f1ar familias que est\u00e1n atravesando o quieren iniciar un proceso&nbsp; de reproducci\u00f3n<\/p>\n\t\t<\/div>\n\t\t\t\t<\/div>\n\t\t\t\t<div class=\"elementor-post__meta-data\">\n\t\t\t\t\t<span class=\"elementor-post-date\">\n\t\t\t2 abril, 2026\t\t<\/span>\n\t\t\t\t<\/div>\n\t\t\t\t\t<\/div>\n\t\t<\/article>\n\t\t\t\t<article class=\"elementor-post elementor-grid-item post-189 post type-post status-publish format-standard has-post-thumbnail hentry category-sin-categoria\">\n\t\t\t<div class=\"elementor-post__card\">\n\t\t\t\t<a class=\"elementor-post__thumbnail__link\" href=\"https:\/\/mariaandreapsicologa.com\/index.php\/2025\/11\/10\/casi-podria-asegurar-que-es-de-las-cosas-que-mas-haces-y-no-te-das-cuenta-de-cuanto-te-afecta\/\" tabindex=\"-1\" ><div class=\"elementor-post__thumbnail\"><img decoding=\"async\" width=\"768\" height=\"1152\" src=\"https:\/\/mariaandreapsicologa.com\/wp-content\/uploads\/2025\/07\/pexels-borishamer-19623246-768x1152.jpg\" class=\"attachment-medium_large size-medium_large wp-image-219\" alt=\"\" srcset=\"https:\/\/mariaandreapsicologa.com\/wp-content\/uploads\/2025\/07\/pexels-borishamer-19623246-768x1152.jpg 768w, https:\/\/mariaandreapsicologa.com\/wp-content\/uploads\/2025\/07\/pexels-borishamer-19623246-200x300.jpg 200w, https:\/\/mariaandreapsicologa.com\/wp-content\/uploads\/2025\/07\/pexels-borishamer-19623246-683x1024.jpg 683w, https:\/\/mariaandreapsicologa.com\/wp-content\/uploads\/2025\/07\/pexels-borishamer-19623246-1024x1536.jpg 1024w, https:\/\/mariaandreapsicologa.com\/wp-content\/uploads\/2025\/07\/pexels-borishamer-19623246-1365x2048.jpg 1365w, https:\/\/mariaandreapsicologa.com\/wp-content\/uploads\/2025\/07\/pexels-borishamer-19623246-scaled.jpg 1707w\" sizes=\"(max-width: 768px) 100vw, 768px\" \/><\/div><\/a>\n\t\t\t\t<div class=\"elementor-post__text\">\n\t\t\t\t<h3 class=\"elementor-post__title\">\n\t\t\t<a href=\"https:\/\/mariaandreapsicologa.com\/index.php\/2025\/11\/10\/casi-podria-asegurar-que-es-de-las-cosas-que-mas-haces-y-no-te-das-cuenta-de-cuanto-te-afecta\/\" >\n\t\t\t\tCasi podr\u00eda asegurar que es de las cosas que m\u00e1s haces y no te das cuenta de cu\u00e1nto te afecta\t\t\t<\/a>\n\t\t<\/h3>\n\t\t\t\t<div class=\"elementor-post__excerpt\">\n\t\t\t<p>Coges el tel\u00e9fono para pasar el tiempo e incluso para reducir emociones como la ansiedad (por cierto, es de las<\/p>\n\t\t<\/div>\n\t\t\t\t<\/div>\n\t\t\t\t<div class=\"elementor-post__meta-data\">\n\t\t\t\t\t<span class=\"elementor-post-date\">\n\t\t\t10 noviembre, 2025\t\t<\/span>\n\t\t\t\t<\/div>\n\t\t\t\t\t<\/div>\n\t\t<\/article>\n\t\t\t\t<article class=\"elementor-post elementor-grid-item post-194 post type-post status-publish format-standard has-post-thumbnail hentry category-sin-categoria\">\n\t\t\t<div class=\"elementor-post__card\">\n\t\t\t\t<a class=\"elementor-post__thumbnail__link\" href=\"https:\/\/mariaandreapsicologa.com\/index.php\/2025\/11\/04\/muchos-de-los-miedos-relacionados-con-el-parto-los-hemos-aprendido\/\" tabindex=\"-1\" ><div class=\"elementor-post__thumbnail\"><img decoding=\"async\" width=\"768\" height=\"512\" src=\"https:\/\/mariaandreapsicologa.com\/wp-content\/uploads\/2025\/07\/pexels-saul-siguenza-355267816-28099429-768x512.jpg\" class=\"attachment-medium_large size-medium_large wp-image-216\" alt=\"\" srcset=\"https:\/\/mariaandreapsicologa.com\/wp-content\/uploads\/2025\/07\/pexels-saul-siguenza-355267816-28099429-768x512.jpg 768w, https:\/\/mariaandreapsicologa.com\/wp-content\/uploads\/2025\/07\/pexels-saul-siguenza-355267816-28099429-300x200.jpg 300w, https:\/\/mariaandreapsicologa.com\/wp-content\/uploads\/2025\/07\/pexels-saul-siguenza-355267816-28099429-1024x683.jpg 1024w, https:\/\/mariaandreapsicologa.com\/wp-content\/uploads\/2025\/07\/pexels-saul-siguenza-355267816-28099429-1536x1024.jpg 1536w, https:\/\/mariaandreapsicologa.com\/wp-content\/uploads\/2025\/07\/pexels-saul-siguenza-355267816-28099429-2048x1365.jpg 2048w\" sizes=\"(max-width: 768px) 100vw, 768px\" \/><\/div><\/a>\n\t\t\t\t<div class=\"elementor-post__text\">\n\t\t\t\t<h3 class=\"elementor-post__title\">\n\t\t\t<a href=\"https:\/\/mariaandreapsicologa.com\/index.php\/2025\/11\/04\/muchos-de-los-miedos-relacionados-con-el-parto-los-hemos-aprendido\/\" >\n\t\t\t\tMuchos de los miedos relacionados con el parto los hemos aprendido\t\t\t<\/a>\n\t\t<\/h3>\n\t\t\t\t<div class=\"elementor-post__excerpt\">\n\t\t\t<p>Una parte vital que se trabaja desde la psicolog\u00eda perinatal es entender el miedo al parto. De quienes referimos tener<\/p>\n\t\t<\/div>\n\t\t\t\t<\/div>\n\t\t\t\t<div class=\"elementor-post__meta-data\">\n\t\t\t\t\t<span class=\"elementor-post-date\">\n\t\t\t4 noviembre, 2025\t\t<\/span>\n\t\t\t\t<\/div>\n\t\t\t\t\t<\/div>\n\t\t<\/article>\n\t\t\t\t<article class=\"elementor-post elementor-grid-item post-186 post type-post status-publish format-standard has-post-thumbnail hentry category-sin-categoria\">\n\t\t\t<div class=\"elementor-post__card\">\n\t\t\t\t<a class=\"elementor-post__thumbnail__link\" href=\"https:\/\/mariaandreapsicologa.com\/index.php\/2025\/10\/27\/por-que-nos-sentimos-tan-solas-aisladas-maternando\/\" tabindex=\"-1\" ><div class=\"elementor-post__thumbnail\"><img loading=\"lazy\" decoding=\"async\" width=\"768\" height=\"1152\" src=\"https:\/\/mariaandreapsicologa.com\/wp-content\/uploads\/2025\/07\/pexels-william-fortunato-6393346-768x1152.jpg\" class=\"attachment-medium_large size-medium_large wp-image-211\" alt=\"\" srcset=\"https:\/\/mariaandreapsicologa.com\/wp-content\/uploads\/2025\/07\/pexels-william-fortunato-6393346-768x1152.jpg 768w, https:\/\/mariaandreapsicologa.com\/wp-content\/uploads\/2025\/07\/pexels-william-fortunato-6393346-200x300.jpg 200w, https:\/\/mariaandreapsicologa.com\/wp-content\/uploads\/2025\/07\/pexels-william-fortunato-6393346-683x1024.jpg 683w, https:\/\/mariaandreapsicologa.com\/wp-content\/uploads\/2025\/07\/pexels-william-fortunato-6393346-1024x1536.jpg 1024w, https:\/\/mariaandreapsicologa.com\/wp-content\/uploads\/2025\/07\/pexels-william-fortunato-6393346-1365x2048.jpg 1365w, https:\/\/mariaandreapsicologa.com\/wp-content\/uploads\/2025\/07\/pexels-william-fortunato-6393346-scaled.jpg 1707w\" sizes=\"(max-width: 768px) 100vw, 768px\" \/><\/div><\/a>\n\t\t\t\t<div class=\"elementor-post__text\">\n\t\t\t\t<h3 class=\"elementor-post__title\">\n\t\t\t<a href=\"https:\/\/mariaandreapsicologa.com\/index.php\/2025\/10\/27\/por-que-nos-sentimos-tan-solas-aisladas-maternando\/\" >\n\t\t\t\t\u00bfPor qu\u00e9 nos sentimos tan solas\/aisladas maternando?\t\t\t<\/a>\n\t\t<\/h3>\n\t\t\t\t<div class=\"elementor-post__excerpt\">\n\t\t\t<p>Quiero empezar diciendo que m\u00e1s all\u00e1 de un \u201cproblema individual\u201d hay mucho de la sociedad y la cultura actual donde<\/p>\n\t\t<\/div>\n\t\t\t\t<\/div>\n\t\t\t\t<div class=\"elementor-post__meta-data\">\n\t\t\t\t\t<span class=\"elementor-post-date\">\n\t\t\t27 octubre, 2025\t\t<\/span>\n\t\t\t\t<\/div>\n\t\t\t\t\t<\/div>\n\t\t<\/article>\n\t\t\t\t<article class=\"elementor-post elementor-grid-item post-102 post type-post status-publish format-standard has-post-thumbnail hentry category-sin-categoria\">\n\t\t\t<div class=\"elementor-post__card\">\n\t\t\t\t<a class=\"elementor-post__thumbnail__link\" href=\"https:\/\/mariaandreapsicologa.com\/index.php\/2025\/05\/27\/me-da-rabia-que-mi-pareja-siga-su-vida-normal-y-yo-no-se-cuando-podre\/\" tabindex=\"-1\" ><div class=\"elementor-post__thumbnail\"><img loading=\"lazy\" decoding=\"async\" width=\"768\" height=\"512\" src=\"https:\/\/mariaandreapsicologa.com\/wp-content\/uploads\/2025\/05\/young-couple-ignoring-each-other-2025-04-03-03-44-01-utc-768x512.webp\" class=\"attachment-medium_large size-medium_large wp-image-103\" alt=\"\" srcset=\"https:\/\/mariaandreapsicologa.com\/wp-content\/uploads\/2025\/05\/young-couple-ignoring-each-other-2025-04-03-03-44-01-utc-768x512.webp 768w, https:\/\/mariaandreapsicologa.com\/wp-content\/uploads\/2025\/05\/young-couple-ignoring-each-other-2025-04-03-03-44-01-utc-300x200.webp 300w, https:\/\/mariaandreapsicologa.com\/wp-content\/uploads\/2025\/05\/young-couple-ignoring-each-other-2025-04-03-03-44-01-utc-1024x683.webp 1024w, https:\/\/mariaandreapsicologa.com\/wp-content\/uploads\/2025\/05\/young-couple-ignoring-each-other-2025-04-03-03-44-01-utc-1536x1024.webp 1536w, https:\/\/mariaandreapsicologa.com\/wp-content\/uploads\/2025\/05\/young-couple-ignoring-each-other-2025-04-03-03-44-01-utc-2048x1365.webp 2048w\" sizes=\"(max-width: 768px) 100vw, 768px\" \/><\/div><\/a>\n\t\t\t\t<div class=\"elementor-post__text\">\n\t\t\t\t<h3 class=\"elementor-post__title\">\n\t\t\t<a href=\"https:\/\/mariaandreapsicologa.com\/index.php\/2025\/05\/27\/me-da-rabia-que-mi-pareja-siga-su-vida-normal-y-yo-no-se-cuando-podre\/\" >\n\t\t\t\tMe da rabia que mi pareja siga su vida normal y yo no s\u00e9 cu\u00e1ndo podr\u00e9\t\t\t<\/a>\n\t\t<\/h3>\n\t\t\t\t<div class=\"elementor-post__excerpt\">\n\t\t\t<p>Situaci\u00f3n: Sale el sol, tu beb\u00e9 lleva ya un tiempo despierto, t\u00fa te sientes m\u00e1s cansada que cuando te \u201cacostaste\u201d<\/p>\n\t\t<\/div>\n\t\t\t\t<\/div>\n\t\t\t\t<div class=\"elementor-post__meta-data\">\n\t\t\t\t\t<span class=\"elementor-post-date\">\n\t\t\t27 mayo, 2025\t\t<\/span>\n\t\t\t\t<\/div>\n\t\t\t\t\t<\/div>\n\t\t<\/article>\n\t\t\t\t<article class=\"elementor-post elementor-grid-item post-76 post type-post status-publish format-standard has-post-thumbnail hentry category-sin-categoria\">\n\t\t\t<div class=\"elementor-post__card\">\n\t\t\t\t<a class=\"elementor-post__thumbnail__link\" href=\"https:\/\/mariaandreapsicologa.com\/index.php\/2025\/05\/27\/la-abrumadora-carga-sensorial-o-sobreestimulacion-que-vivimos-las-madres\/\" tabindex=\"-1\" ><div class=\"elementor-post__thumbnail\"><img loading=\"lazy\" decoding=\"async\" width=\"768\" height=\"512\" src=\"https:\/\/mariaandreapsicologa.com\/wp-content\/uploads\/2025\/05\/exhausted-mother-holding-infant-child-and-looking-2024-11-17-23-22-41-utc-Large-768x512.jpeg\" class=\"attachment-medium_large size-medium_large wp-image-105\" alt=\"\" srcset=\"https:\/\/mariaandreapsicologa.com\/wp-content\/uploads\/2025\/05\/exhausted-mother-holding-infant-child-and-looking-2024-11-17-23-22-41-utc-Large-768x512.jpeg 768w, https:\/\/mariaandreapsicologa.com\/wp-content\/uploads\/2025\/05\/exhausted-mother-holding-infant-child-and-looking-2024-11-17-23-22-41-utc-Large-300x200.jpeg 300w, https:\/\/mariaandreapsicologa.com\/wp-content\/uploads\/2025\/05\/exhausted-mother-holding-infant-child-and-looking-2024-11-17-23-22-41-utc-Large-1024x683.jpeg 1024w, https:\/\/mariaandreapsicologa.com\/wp-content\/uploads\/2025\/05\/exhausted-mother-holding-infant-child-and-looking-2024-11-17-23-22-41-utc-Large.jpeg 1280w\" sizes=\"(max-width: 768px) 100vw, 768px\" \/><\/div><\/a>\n\t\t\t\t<div class=\"elementor-post__text\">\n\t\t\t\t<h3 class=\"elementor-post__title\">\n\t\t\t<a href=\"https:\/\/mariaandreapsicologa.com\/index.php\/2025\/05\/27\/la-abrumadora-carga-sensorial-o-sobreestimulacion-que-vivimos-las-madres\/\" >\n\t\t\t\tLa abrumadora carga sensorial o sobreestimulaci\u00f3n que vivimos las madres\t\t\t<\/a>\n\t\t<\/h3>\n\t\t\t\t<div class=\"elementor-post__excerpt\">\n\t\t\t<p>\u00bfLes pasa que cierta m\u00fasica infantil las desespera? \u00bfO se sienten agobiadas cuando sus peques est\u00e1n encima de ustedes? \u00bfo<\/p>\n\t\t<\/div>\n\t\t\t\t<\/div>\n\t\t\t\t<div class=\"elementor-post__meta-data\">\n\t\t\t\t\t<span class=\"elementor-post-date\">\n\t\t\t27 mayo, 2025\t\t<\/span>\n\t\t\t\t<\/div>\n\t\t\t\t\t<\/div>\n\t\t<\/article>\n\t\t\t\t<\/div>\n\t\t\n\t\t\t\t\t\t<\/div>\n\t\t\t\t<\/div>\n\t\t\t\t\t<\/div>\n\t\t\t\t<\/div>\n\t\t\t\t<\/div>\n\t\t","protected":false},"excerpt":{"rendered":"<p>Art\u00edculos<\/p>\n","protected":false},"author":1,"featured_media":0,"parent":0,"menu_order":0,"comment_status":"closed","ping_status":"closed","template":"","meta":{"footnotes":""},"class_list":["post-101","page","type-page","status-publish","hentry"],"_links":{"self":[{"href":"https:\/\/mariaandreapsicologa.com\/index.php\/wp-json\/wp\/v2\/pages\/101","targetHints":{"allow":["GET"]}}],"collection":[{"href":"https:\/\/mariaandreapsicologa.com\/index.php\/wp-json\/wp\/v2\/pages"}],"about":[{"href":"https:\/\/mariaandreapsicologa.com\/index.php\/wp-json\/wp\/v2\/types\/page"}],"author":[{"embeddable":true,"href":"https:\/\/mariaandreapsicologa.com\/index.php\/wp-json\/wp\/v2\/users\/1"}],"replies":[{"embeddable":true,"href":"https:\/\/mariaandreapsicologa.com\/index.php\/wp-json\/wp\/v2\/comments?post=101"}],"version-history":[{"count":16,"href":"https:\/\/mariaandreapsicologa.com\/index.php\/wp-json\/wp\/v2\/pages\/101\/revisions"}],"predecessor-version":[{"id":178,"href":"https:\/\/mariaandreapsicologa.com\/index.php\/wp-json\/wp\/v2\/pages\/101\/revisions\/178"}],"wp:attachment":[{"href":"https:\/\/mariaandreapsicologa.com\/index.php\/wp-json\/wp\/v2\/media?parent=101"}],"curies":[{"name":"wp","href":"https:\/\/api.w.org\/{rel}","templated":true}]}}